{"id":471,"date":"2023-12-05T18:27:45","date_gmt":"2023-12-05T18:27:45","guid":{"rendered":"https:\/\/www.bird.lat\/?post_type=product&#038;p=471"},"modified":"2023-12-05T18:27:57","modified_gmt":"2023-12-05T18:27:57","slug":"mist-net-1016-7-2","status":"publish","type":"product","link":"https:\/\/www.bird.lat\/index.php\/producto\/mist-net-1016-7-2\/","title":{"rendered":"Mist Net 1016\/7"},"content":{"rendered":"<p><span style=\"font-size: 14pt;\"><strong><span style=\"vertical-align: inherit;\"><span style=\"vertical-align: inherit;\">Red de niebla serie 1000 <\/span><\/span><\/strong><\/span><br \/>\n<span style=\"font-size: 14pt;\"><strong><span style=\"vertical-align: inherit;\"><span style=\"vertical-align: inherit;\">Red fabricada en Jap\u00f3n NYLON D110 \/ 2<\/span><\/span><\/strong><\/span><\/p>\n<p><span style=\"vertical-align: inherit;\"><span style=\"vertical-align: inherit;\">Las redes de niebla de la serie 1000 son m\u00e1s duraderas y solo un poco m\u00e1s visibles que las de la serie 700. Tambi\u00e9n son muy eficaces. <\/span><span style=\"vertical-align: inherit;\">La malla japonesa de alta calidad permanece negra incluso despu\u00e9s de 500 d\u00edas de trabajo de campo. <\/span><span style=\"vertical-align: inherit;\">Son muy recomendables para investigaciones a largo plazo. <\/span><span style=\"vertical-align: inherit;\">Las redes m\u00e1s gruesas son m\u00e1s seguras para las aves y m\u00e1s f\u00e1ciles de usar.<\/span><\/span><\/p>\n<p><span style=\"vertical-align: inherit;\"><span style=\"vertical-align: inherit;\">Cada red tiene su propio n\u00famero de serie (col\u00f3quelo en la parte met\u00e1lica de uno de los lazos verdes). <\/span><span style=\"vertical-align: inherit;\">Este n\u00famero ayuda a identificar al propietario de la red, por ejemplo, cuando se utiliza incorrectamente. <\/span><span style=\"vertical-align: inherit;\">El n\u00famero de serie tambi\u00e9n es importante para recuperar la red. <\/span><\/span><br \/>\n<strong><span style=\"vertical-align: inherit;\"><span style=\"vertical-align: inherit;\">\u00a1Conserve la etiqueta con el n\u00famero de serie!<\/span><\/span><\/strong><\/p>\n<p><span style=\"vertical-align: inherit;\"><span style=\"vertical-align: inherit;\">La alta calidad y eficiencia de nuestras redes de niebla son el resultado de m\u00e1s de 25 a\u00f1os de experiencia. <\/span><span style=\"vertical-align: inherit;\">Se prueban continuamente en diversas condiciones, a menudo muy duras. <\/span><span style=\"vertical-align: inherit;\">Los usamos en todas las latitudes, desde el \u00c1rtico hasta los bosques tropicales y los desiertos\u2026 Las redes de niebla ECOTONE est\u00e1n hechas de una malla de nailon o poli\u00e9ster de alta calidad de Jap\u00f3n. <\/span><span style=\"vertical-align: inherit;\">Para la serie de redes 2000 utilizamos redes de alta calidad fabricadas en Polonia.<\/span><\/span><\/p>\n","protected":false},"excerpt":{"rendered":"<div><strong><span style=\"vertical-align: inherit;\"><span style=\"vertical-align: inherit;\">Detalles de producto:<\/span><\/span><\/strong><\/div>\n<p><span style=\"vertical-align: inherit;\"><span style=\"vertical-align: inherit;\">Red: 110\/2 <\/span><\/span><br \/>\n<span style=\"vertical-align: inherit;\"><span style=\"vertical-align: inherit;\">Malla: 16&#215;16 mm <\/span><\/span><br \/>\n<span style=\"vertical-align: inherit;\"><span style=\"vertical-align: inherit;\">Baldas: 5 <\/span><\/span><br \/>\n<span style=\"vertical-align: inherit;\"><span style=\"vertical-align: inherit;\">Longitud: 7 m <\/span><\/span><br \/>\n<span style=\"vertical-align: inherit;\"><span style=\"vertical-align: inherit;\">Altura: 2,5 m <\/span><\/span><br \/>\n<span style=\"vertical-align: inherit;\"><span style=\"vertical-align: inherit;\">Red: nailon<\/span><\/span><\/p>\n","protected":false},"featured_media":416,"comment_status":"open","ping_status":"closed","template":"","meta":{"_et_pb_use_builder":"","_et_pb_old_content":"","_et_gb_content_width":""},"product_cat":[28,29,30,35],"product_tag":[32,33,34],"_links":{"self":[{"href":"https:\/\/www.bird.lat\/index.php\/wp-json\/wp\/v2\/product\/471"}],"collection":[{"href":"https:\/\/www.bird.lat\/index.php\/wp-json\/wp\/v2\/product"}],"about":[{"href":"https:\/\/www.bird.lat\/index.php\/wp-json\/wp\/v2\/types\/product"}],"replies":[{"embeddable":true,"href":"https:\/\/www.bird.lat\/index.php\/wp-json\/wp\/v2\/comments?post=471"}],"wp:featuredmedia":[{"embeddable":true,"href":"https:\/\/www.bird.lat\/index.php\/wp-json\/wp\/v2\/media\/416"}],"wp:attachment":[{"href":"https:\/\/www.bird.lat\/index.php\/wp-json\/wp\/v2\/media?parent=471"}],"wp:term":[{"taxonomy":"product_cat","embeddable":true,"href":"https:\/\/www.bird.lat\/index.php\/wp-json\/wp\/v2\/product_cat?post=471"},{"taxonomy":"product_tag","embeddable":true,"href":"https:\/\/www.bird.lat\/index.php\/wp-json\/wp\/v2\/product_tag?post=471"}],"curies":[{"name":"wp","href":"https:\/\/api.w.org\/{rel}","templated":true}]}}