{"id":494,"date":"2023-12-05T18:28:07","date_gmt":"2023-12-05T18:28:07","guid":{"rendered":"https:\/\/www.bird.lat\/?post_type=product&#038;p=494"},"modified":"2023-12-05T18:28:13","modified_gmt":"2023-12-05T18:28:13","slug":"mist-net-2030-12l","status":"publish","type":"product","link":"https:\/\/www.bird.lat\/index.php\/producto\/mist-net-2030-12l\/","title":{"rendered":"Mist Net 2030\/12L"},"content":{"rendered":"<p><strong><span style=\"font-size: 14pt;\"><span style=\"vertical-align: inherit;\"><span style=\"vertical-align: inherit;\">Red Mist Net serie 2000 <\/span><\/span><\/span><\/strong><br \/>\n<strong><span style=\"font-size: 14pt;\"><span style=\"vertical-align: inherit;\"><span style=\"vertical-align: inherit;\">fabricada en Jap\u00f3n<\/span><\/span><\/span><\/strong><\/p>\n<p><span style=\"vertical-align: inherit;\"><span style=\"vertical-align: inherit;\">Las redes de niebla NYLON D210 \/ 2 serie 2000 son fuertes y duraderas, pero tambi\u00e9n bastante visibles. <\/span><span style=\"vertical-align: inherit;\">Recomendado para usar en lugares con sombra o con fondo oscuro.<\/span><\/span><\/p>\n<p><span style=\"vertical-align: inherit;\"><span style=\"vertical-align: inherit;\">Cada red tiene su propio n\u00famero de serie (col\u00f3quelo en la parte met\u00e1lica de uno de los lazos verdes). <\/span><span style=\"vertical-align: inherit;\">Este n\u00famero ayuda a identificar al propietario de la red, por ejemplo, cuando se utiliza incorrectamente. <\/span><span style=\"vertical-align: inherit;\">El n\u00famero de serie tambi\u00e9n es importante para recuperar la red.\u00a0<\/span><\/span><strong><span style=\"vertical-align: inherit;\"><span style=\"vertical-align: inherit;\">\u00a1Conserve la etiqueta con el n\u00famero de serie!<\/span><\/span><\/strong><\/p>\n<p>&nbsp;<\/p>\n<p><span style=\"vertical-align: inherit;\"><span style=\"vertical-align: inherit;\">La alta calidad y eficiencia de nuestras redes de niebla son el resultado de m\u00e1s de 25 a\u00f1os de experiencia. <\/span><span style=\"vertical-align: inherit;\">Se prueban continuamente en diversas condiciones, a menudo muy duras. <\/span><span style=\"vertical-align: inherit;\">Los usamos en todas las latitudes, desde el \u00c1rtico hasta los bosques tropicales y los desiertos\u2026 Las redes de niebla ECOTONE est\u00e1n hechas de una malla de nailon o poli\u00e9ster de alta calidad de Jap\u00f3n. <\/span><span style=\"vertical-align: inherit;\">Para la serie de redes 2000 utilizamos redes de alta calidad fabricadas en Polonia.<\/span><\/span><\/p>\n","protected":false},"excerpt":{"rendered":"<div><strong><span style=\"vertical-align: inherit;\"><span style=\"vertical-align: inherit;\">Detalles de producto:<\/span><\/span><\/strong><\/div>\n<p><span style=\"vertical-align: inherit;\"><span style=\"vertical-align: inherit;\">Red: 210\/2 <\/span><\/span><br \/>\n<span style=\"vertical-align: inherit;\"><span style=\"vertical-align: inherit;\">Malla: 30 x30 mm <\/span><\/span><br \/>\n<span style=\"vertical-align: inherit;\"><span style=\"vertical-align: inherit;\">Baldas: 2 <\/span><\/span><br \/>\n<span style=\"vertical-align: inherit;\"><span style=\"vertical-align: inherit;\">Longitud: 12 m <\/span><\/span><br \/>\n<span style=\"vertical-align: inherit;\"><span style=\"vertical-align: inherit;\">Altura: 1,6 m <\/span><\/span><br \/>\n<span style=\"vertical-align: inherit;\"><span style=\"vertical-align: inherit;\">Red: nailon<\/span><\/span><\/p>\n","protected":false},"featured_media":416,"comment_status":"open","ping_status":"closed","template":"","meta":{"_et_pb_use_builder":"","_et_pb_old_content":"","_et_gb_content_width":""},"product_cat":[28,29,30,40],"product_tag":[32,33,34],"_links":{"self":[{"href":"https:\/\/www.bird.lat\/index.php\/wp-json\/wp\/v2\/product\/494"}],"collection":[{"href":"https:\/\/www.bird.lat\/index.php\/wp-json\/wp\/v2\/product"}],"about":[{"href":"https:\/\/www.bird.lat\/index.php\/wp-json\/wp\/v2\/types\/product"}],"replies":[{"embeddable":true,"href":"https:\/\/www.bird.lat\/index.php\/wp-json\/wp\/v2\/comments?post=494"}],"wp:featuredmedia":[{"embeddable":true,"href":"https:\/\/www.bird.lat\/index.php\/wp-json\/wp\/v2\/media\/416"}],"wp:attachment":[{"href":"https:\/\/www.bird.lat\/index.php\/wp-json\/wp\/v2\/media?parent=494"}],"wp:term":[{"taxonomy":"product_cat","embeddable":true,"href":"https:\/\/www.bird.lat\/index.php\/wp-json\/wp\/v2\/product_cat?post=494"},{"taxonomy":"product_tag","embeddable":true,"href":"https:\/\/www.bird.lat\/index.php\/wp-json\/wp\/v2\/product_tag?post=494"}],"curies":[{"name":"wp","href":"https:\/\/api.w.org\/{rel}","templated":true}]}}