{"id":502,"date":"2023-12-05T18:28:08","date_gmt":"2023-12-05T18:28:08","guid":{"rendered":"https:\/\/www.bird.lat\/?post_type=product&#038;p=502"},"modified":"2023-12-05T18:28:18","modified_gmt":"2023-12-05T18:28:18","slug":"siec-ornitologiczna-2070-12","status":"publish","type":"product","link":"https:\/\/www.bird.lat\/index.php\/producto\/siec-ornitologiczna-2070-12\/","title":{"rendered":"Sie\u0107 Ornitologiczna 2070\/12"},"content":{"rendered":"<p><span style=\"font-size: 14pt;\"><span style=\"vertical-align: inherit;\"><span style=\"vertical-align: inherit;\">Red Mist Net serie 2000 <\/span><\/span><\/span><br \/>\n<span style=\"font-size: 14pt;\"><span style=\"vertical-align: inherit;\"><span style=\"vertical-align: inherit;\">fabricada en la UE<\/span><\/span><\/span><\/p>\n<p><span style=\"vertical-align: inherit;\"><span style=\"vertical-align: inherit;\">Las redes de niebla NYLON D210 \/ 2 serie 2000 son fuertes y duraderas, pero tambi\u00e9n bastante visibles. <\/span><span style=\"vertical-align: inherit;\">Recomendado para usar en lugares con sombra o con fondo oscuro.<\/span><\/span><\/p>\n<p><span style=\"vertical-align: inherit;\"><span style=\"vertical-align: inherit;\">Cada red tiene su propio n\u00famero de serie (col\u00f3quelo en la parte met\u00e1lica de uno de los lazos verdes). <\/span><span style=\"vertical-align: inherit;\">Este n\u00famero ayuda a identificar al propietario de la red, por ejemplo, cuando se utiliza incorrectamente. <\/span><span style=\"vertical-align: inherit;\">El n\u00famero de serie tambi\u00e9n es importante para recuperar la red.\u00a0<\/span><\/span><strong><span style=\"vertical-align: inherit;\"><span style=\"vertical-align: inherit;\">\u00a1Conserve la etiqueta con el n\u00famero de serie!<\/span><\/span><\/strong><\/p>\n<p><span style=\"vertical-align: inherit;\"><span style=\"vertical-align: inherit;\">La alta calidad y eficiencia de nuestras redes de niebla son el resultado de m\u00e1s de 25 a\u00f1os de experiencia. <\/span><span style=\"vertical-align: inherit;\">Se prueban continuamente en diversas condiciones, a menudo muy duras. <\/span><span style=\"vertical-align: inherit;\">Los usamos en todas las latitudes, desde el \u00c1rtico hasta los bosques tropicales y los desiertos\u2026 Las redes de niebla ECOTONE est\u00e1n hechas de una malla de nailon o poli\u00e9ster de alta calidad de Jap\u00f3n. <\/span><span style=\"vertical-align: inherit;\">Para las redes de la serie 2000 utilizamos redes de alta calidad fabricadas en la UE<\/span><\/span><\/p>\n","protected":false},"excerpt":{"rendered":"<div><strong><span style=\"vertical-align: inherit;\"><span style=\"vertical-align: inherit;\">Detalles de producto:<\/span><\/span><\/strong><\/div>\n<p><span style=\"vertical-align: inherit;\"><span style=\"vertical-align: inherit;\">Red: 235\/3 o 235\/4 capas <\/span><\/span><br \/>\n<span style=\"vertical-align: inherit;\"><span style=\"vertical-align: inherit;\">Malla: 70&#215;70 mm <\/span><\/span><br \/>\n<span style=\"vertical-align: inherit;\"><span style=\"vertical-align: inherit;\">Estantes: 4 <\/span><\/span><br \/>\n<span style=\"vertical-align: inherit;\"><span style=\"vertical-align: inherit;\">Longitud: 12 m <\/span><\/span><br \/>\n<span style=\"vertical-align: inherit;\"><span style=\"vertical-align: inherit;\">Altura: 3,2 m <\/span><\/span><br \/>\n<span style=\"vertical-align: inherit;\"><span style=\"vertical-align: inherit;\">Red: nylo<\/span><\/span><\/p>\n","protected":false},"featured_media":416,"comment_status":"open","ping_status":"closed","template":"","meta":{"_et_pb_use_builder":"","_et_pb_old_content":"","_et_gb_content_width":""},"product_cat":[28,29,30,40,41,42],"product_tag":[32,33,34],"_links":{"self":[{"href":"https:\/\/www.bird.lat\/index.php\/wp-json\/wp\/v2\/product\/502"}],"collection":[{"href":"https:\/\/www.bird.lat\/index.php\/wp-json\/wp\/v2\/product"}],"about":[{"href":"https:\/\/www.bird.lat\/index.php\/wp-json\/wp\/v2\/types\/product"}],"replies":[{"embeddable":true,"href":"https:\/\/www.bird.lat\/index.php\/wp-json\/wp\/v2\/comments?post=502"}],"wp:featuredmedia":[{"embeddable":true,"href":"https:\/\/www.bird.lat\/index.php\/wp-json\/wp\/v2\/media\/416"}],"wp:attachment":[{"href":"https:\/\/www.bird.lat\/index.php\/wp-json\/wp\/v2\/media?parent=502"}],"wp:term":[{"taxonomy":"product_cat","embeddable":true,"href":"https:\/\/www.bird.lat\/index.php\/wp-json\/wp\/v2\/product_cat?post=502"},{"taxonomy":"product_tag","embeddable":true,"href":"https:\/\/www.bird.lat\/index.php\/wp-json\/wp\/v2\/product_tag?post=502"}],"curies":[{"name":"wp","href":"https:\/\/api.w.org\/{rel}","templated":true}]}}